{"id":15560,"date":"2025-05-23T13:17:03","date_gmt":"2025-05-23T17:17:03","guid":{"rendered":"https:\/\/staging.raic.symbiodev.xyz\/adherer-join-2\/"},"modified":"2026-05-11T16:58:41","modified_gmt":"2026-05-11T20:58:41","slug":"pourquoi-adhere","status":"publish","type":"page","link":"https:\/\/raic.org\/fr\/adherer\/pourquoi-adhere\/","title":{"rendered":"Pourquoi adh\u00e9rer"},"content":{"rendered":"\n<h2 class=\"wp-block-heading raic-heading-border\"><strong>Pourquoi adh\u00e9rer<\/strong><\/h2>\n\n\n\n<p>L\u2019IRAC est le principal porte-parole de l\u2019excellence dans le cadre b\u00e2ti au Canada. En tant que membre, vous faites partie d\u2019un r\u00e9seau cr\u00e9atif, inclusif et engag\u00e9 de plus de 5 000 architectes et professionnels du design. <\/p>\n\n\n\n<div class=\"raic-generic-button-wrapper has-text-align-left wp-block-raic-blocks-raic-generic-button\">\n    <a href=\"https:\/\/raic.org\/fr\/adherer\/comment-adherer\/\" \n       class=\"raic-generic-btn raic-secondary-btn-style\"\n       target=\"_blank\" rel=\"noopener noreferrer\">\n        Adh\u00e9rez maintenant    <\/a>\n<\/div>\n\n\n\n\n<div class=\"raic-anchor-target-point wp-block-raic-blocks-raic-anchor-target\" id=\"section-91d8cb\" aria-label=\"D\u00e9couvrez les avantages de l\u2019adh\u00e9sion\" data-menu-label=\"D\u00e9couvrez les avantages de l\u2019adh\u00e9sion\">\n        <\/div>\n\n\n<h4 class=\"wp-block-heading\"><strong>D\u00e9couvrez les avantages d\u2019une adh\u00e9sion \u00e0 l\u2019IRAC <\/strong><\/h4>\n\n\n\n<p>En tant que membre de la communaut\u00e9 de l\u2019IRAC, vous aurez un acc\u00e8s imm\u00e9diat \u00e0 un large \u00e9ventail d\u2019avantages pr\u00e9cieux con\u00e7us pour soutenir votre d\u00e9veloppement professionnel, renforcer votre voix et solidifier votre lien avec la communaut\u00e9 architecturale. <\/p>\n\n\n<div class=\"raic-content-section container wp-block-raic-blocks-raic-accordion\" id=\"section-accordion\">\n        \n    <div class=\"raic-accordion\">\n                    <div class=\"raic-accordion-item\">\n                <div class=\"raic-accordion-header\">\n                    <h3 class=\"raic-accordion-title\"><strong>L\u2019abr\u00e9viation IRAC<\/strong>\u00a0<\/h3>\n                    <button class=\"raic-accordion-toggle\" aria-label=\"Toggle accordion item\">\n                        <span class=\"raic-icon-plus\"><\/span>\n                    <\/button>\n                <\/div>\n                <div class=\"raic-accordion-content\">\n                    <p>L\u2019abr\u00e9viation IRAC communique votre engagement envers l\u2019excellence en architecture aupr\u00e8s de vos clients et des professionnels de l\u2019industrie. Cette abr\u00e9viation, qui varie selon vos qualifications, peut \u00eatre ajout\u00e9e \u00e0 votre nom et t\u00e9moigne de votre volont\u00e9 de contribuer \u00e0 un avenir solide et dynamique pour la profession.<\/p>\n<p><a href=\"https:\/\/raic.org\/fr\/adherer\/pourquoi-adhere\/en-utilisant-labreviation-irac\/\">En savoir plus<\/a><\/p>\n                <\/div>\n            <\/div>\n                    <div class=\"raic-accordion-item\">\n                <div class=\"raic-accordion-header\">\n                    <h3 class=\"raic-accordion-title\"><strong>Formation Continue<\/strong>\u00a0<\/h3>\n                    <button class=\"raic-accordion-toggle\" aria-label=\"Toggle accordion item\">\n                        <span class=\"raic-icon-plus\"><\/span>\n                    <\/button>\n                <\/div>\n                <div class=\"raic-accordion-content\">\n                    <p>Restez \u00e0 jour gr\u00e2ce <a href=\"https:\/\/raic.org\/professional-development\/continuing-education\/\">aux occasions de formation continue<\/a> de qualit\u00e9 offertes par l\u2019IRAC. Les membres b\u00e9n\u00e9ficient de tarifs exclusifs sur l\u2019ensemble des formations \u2014 en ligne et en personne \u2014 con\u00e7ues pour soutenir chaque \u00e9tape de votre carri\u00e8re en architecture et vous permettre de rester \u00e0 jour avec les exigences professionnelles en constante \u00e9volution. <\/p>\n<p>D\u00e9couvrez le programme de formation continue de l\u2019IRAC et les rabais offerts : <\/p>\n<ul>\n<li><a href=\"https:\/\/raic.org\/professional-development\/continuing-education\/search-continuing-education\/?type=Webinars\">Webinaires sur demande de l\u2019IRAC<\/a><\/li>\n<li><a href=\"https:\/\/raic.org\/professional-development\/continuing-education\/search-continuing-education\/?type=Course\">S\u00e9rie sur les bases de la pratique<\/a><\/li>\n<li><a href=\"https:\/\/raic.org\/professional-development\/continuing-education\/search-continuing-education\/?type=Webinars\">Conf\u00e9rences de l\u2019IRAC sur demande<\/a><\/li>\n<li><a href=\"https:\/\/raic.org\/professional-development\/continuing-education\/search-continuing-education\/?type=Webinars\">S\u00e9rie sur la conservation du patrimoine<\/a><\/li>\n<\/ul>\n                <\/div>\n            <\/div>\n                    <div class=\"raic-accordion-item\">\n                <div class=\"raic-accordion-header\">\n                    <h3 class=\"raic-accordion-title\"><strong>Programme d\u2019avantages sociaux collectifs de l\u2019IRAC<\/strong><\/h3>\n                    <button class=\"raic-accordion-toggle\" aria-label=\"Toggle accordion item\">\n                        <span class=\"raic-icon-plus\"><\/span>\n                    <\/button>\n                <\/div>\n                <div class=\"raic-accordion-content\">\n                    <p>Le Programme d\u2019avantages sociaux collectifs de l\u2019IRAC est un r\u00e9gime d\u2019avantages sociaux mutualis\u00e9 qui offre aux membres une couverture comprenant notamment les soins de sant\u00e9, les soins dentaires et l\u2019assurance vie. En regroupant des milliers d\u2019entreprises canadiennes, le programme r\u00e9partit les risques afin de r\u00e9duire les co\u00fbts, ce qui permet de r\u00e9aliser des \u00e9conomies imm\u00e9diates et d\u2019assurer une plus grande stabilit\u00e9 des taux \u00e0 long terme comparativement aux r\u00e9gimes d\u2019avantages sociaux traditionnels. Gr\u00e2ce \u00e0 la force du nombre et \u00e0 un mod\u00e8le de n\u00e9gociation directe, les membres b\u00e9n\u00e9ficient de renouvellements plus pr\u00e9visibles, de moins de frais administratifs interm\u00e9diaires et d\u2019une meilleure efficacit\u00e9 financi\u00e8re.<\/p>\n<p>Le programme offre \u00e9galement une conception de r\u00e9gime flexible, un service de soutien d\u00e9di\u00e9 et une administration int\u00e9gr\u00e9e, aidant ainsi les employeurs \u00e0 offrir des avantages sociaux concurrentiels et durables tout en ma\u00eetrisant mieux les co\u00fbts \u00e0 long terme.<\/p>\n<p><a href=\"https:\/\/westernfinancialgroup.ca\/RAIC-Group-Benefits-French\" target=\"_blank\" rel=\"noopener noreferrer\">En savoir plus.<\/a> <\/p>\n                <\/div>\n            <\/div>\n                    <div class=\"raic-accordion-item\">\n                <div class=\"raic-accordion-header\">\n                    <h3 class=\"raic-accordion-title\"><strong>Communaut\u00e9 et r\u00e9seautage<\/strong>\u00a0<\/h3>\n                    <button class=\"raic-accordion-toggle\" aria-label=\"Toggle accordion item\">\n                        <span class=\"raic-icon-plus\"><\/span>\n                    <\/button>\n                <\/div>\n                <div class=\"raic-accordion-content\">\n                    <p>Connectez-vous avec une communaut\u00e9 diversifi\u00e9e de plus de 5 000 professionnels \u00e0 travers le Canada et au-del\u00e0. Que ce soit par l\u2019entremise des <a href=\"https:\/\/raic.org\/fr\/chapitres\/\" target=\"_blank\" rel=\"noopener noreferrer\">sections r\u00e9gionales<\/a>, des initiatives nationales ou des discussions en ligne sur la plateforme de discussion en ligne <a href=\"https:\/\/raic.org\/fr\/communaute-evenements\/irac-connects\/\" target=\"_blank\" rel=\"noopener noreferrer\">IRAC Connects<\/a>, votre adh\u00e9sion vous ouvre la porte \u00e0 des collaborations enrichissantes, au partage des connaissances et au soutien entre pairs. <\/p>\n<p><a href=\"https:\/\/raic.org\/fr\/communaute-evenements\/evenement\/\">En savoir plus<\/a> sur notre communaut\u00e9 et les occasions de r\u00e9seautage.<\/p>\n                <\/div>\n            <\/div>\n                    <div class=\"raic-accordion-item\">\n                <div class=\"raic-accordion-header\">\n                    <h3 class=\"raic-accordion-title\"><strong>Conf\u00e9rence de l\u2019IRAC sur l\u2019architecture<\/strong>\u00a0<\/h3>\n                    <button class=\"raic-accordion-toggle\" aria-label=\"Toggle accordion item\">\n                        <span class=\"raic-icon-plus\"><\/span>\n                    <\/button>\n                <\/div>\n                <div class=\"raic-accordion-content\">\n                    <p>Participez au principal rassemblement annuel de professionnels de l\u2019architecture au Canada. Les membres profitent de tarifs r\u00e9duits pour l\u2019inscription \u00e0 la Conf\u00e9rence de l\u2019IRAC sur l\u2019architecture \u2014 un \u00e9v\u00e9nement inspirant pour apprendre, \u00e9tablir des liens et c\u00e9l\u00e9brer la profession.<br \/>\n <a href=\"\/fr\/communaute-evenements\/conference-darchitecture-de-lirac\/\" title=\"Conf\u00e9rence d'architecture 2026 de l'IRAC sur l'architecture\" aria-label=\"Conf\u00e9rence d'architecture 2026 de l'IRAC sur l'architecture\"><br \/>\n    Conf\u00e9rence d&#8217;architecture 2026 de l&#8217;IRAC sur l&#8217;architecture<br \/>\n  <\/a><\/p>\n                <\/div>\n            <\/div>\n                    <div class=\"raic-accordion-item\">\n                <div class=\"raic-accordion-header\">\n                    <h3 class=\"raic-accordion-title\"><strong>Prix de l&#8217;IRAC<\/strong>\u00a0<\/h3>\n                    <button class=\"raic-accordion-toggle\" aria-label=\"Toggle accordion item\">\n                        <span class=\"raic-icon-plus\"><\/span>\n                    <\/button>\n                <\/div>\n                <div class=\"raic-accordion-content\">\n                    <p>Mettez votre travail en valeur et c\u00e9l\u00e9brez l\u2019excellence. Le programme de <a href=\"https:\/\/raic.org\/fr\/prix-et-distinctions\/\">prix de l&#8217;IRAC<\/a> reconna\u00eet les r\u00e9alisations exceptionnelles en architecture et en design. En tant que membre, vous profitez de rabais sur les frais de soumission et b\u00e9n\u00e9ficiez d\u2019une visibilit\u00e9 parmi les praticiens et projets les plus influents au Canada.<\/p>\n                <\/div>\n            <\/div>\n                    <div class=\"raic-accordion-item\">\n                <div class=\"raic-accordion-header\">\n                    <h3 class=\"raic-accordion-title\"><strong>Sensibilisation<\/strong>\u00a0<\/h3>\n                    <button class=\"raic-accordion-toggle\" aria-label=\"Toggle accordion item\">\n                        <span class=\"raic-icon-plus\"><\/span>\n                    <\/button>\n                <\/div>\n                <div class=\"raic-accordion-content\">\n                    <p>Joignez votre voix \u00e0 un mouvement collectif pour faire progresser la profession de l\u2019architecture et du design au Canada. L\u2019IRAC d\u00e9fend les int\u00e9r\u00eats de la profession \u00e0 tous les niveaux de gouvernement, en valorisant le r\u00f4le des architectes dans la cr\u00e9ation d\u2019un environnement b\u00e2ti plus durable, inclusif et r\u00e9silient.<\/p>\n<p><a href=\"https:\/\/raic.org\/fr\/sensibilisation\/verite-et-reconciliation\/\">En savoir plus<\/a><\/p>\n                <\/div>\n            <\/div>\n                    <div class=\"raic-accordion-item\">\n                <div class=\"raic-accordion-header\">\n                    <h3 class=\"raic-accordion-title\"><strong>Ressources et soutien \u00e0 la pratique<\/strong>\u00a0<\/h3>\n                    <button class=\"raic-accordion-toggle\" aria-label=\"Toggle accordion item\">\n                        <span class=\"raic-icon-plus\"><\/span>\n                    <\/button>\n                <\/div>\n                <div class=\"raic-accordion-content\">\n                    <p>Les membres b\u00e9n\u00e9ficient d\u2019un acc\u00e8s exclusif ou de tarifs pr\u00e9f\u00e9rentiels sur des outils, des ressources et des guides con\u00e7us pour vous aider \u00e0 naviguer dans la complexit\u00e9 de la pratique architecturale. Des documents contractuels aux normes et aux pratiques exemplaires, l\u2019adh\u00e9sion \u00e0 l\u2019IRAC vous soutient dans les r\u00e9alit\u00e9s quotidiennes de la profession.<\/p>\n<p><a href=\"https:\/\/raic.org\/resources\/\">En savoir plus<\/a><\/p>\n                <\/div>\n            <\/div>\n                    <div class=\"raic-accordion-item\">\n                <div class=\"raic-accordion-header\">\n                    <h3 class=\"raic-accordion-title\"><strong>Rabais et \u00e9conomies<\/strong>\u00a0<\/h3>\n                    <button class=\"raic-accordion-toggle\" aria-label=\"Toggle accordion item\">\n                        <span class=\"raic-icon-plus\"><\/span>\n                    <\/button>\n                <\/div>\n                <div class=\"raic-accordion-content\">\n                    <p>Profitez d\u2019\u00e9conomies exclusives sur des produits, services et programmes adapt\u00e9s aux professionnels de l\u2019architecture. De l\u2019assurance \u00e0 la technologie, votre adh\u00e9sion vous aide \u00e0 \u00e9conomiser tout en appuyant votre carri\u00e8re.<\/p>\n<p><a href=\"https:\/\/raic.org\/join\/why-join\/benefits\/\">Voir tous les rabais et \u00e9conomies<br \/>\n<\/a><\/p>\n                <\/div>\n            <\/div>\n                    <div class=\"raic-accordion-item\">\n                <div class=\"raic-accordion-header\">\n                    <h3 class=\"raic-accordion-title\"><strong>Autres avantages pour les membres de l\u2019IRAC<\/strong>\u00a0<\/h3>\n                    <button class=\"raic-accordion-toggle\" aria-label=\"Toggle accordion item\">\n                        <span class=\"raic-icon-plus\"><\/span>\n                    <\/button>\n                <\/div>\n                <div class=\"raic-accordion-content\">\n                    <p>Que ce soit en contribuant \u00e0 des initiatives nationales via des groupes de travail et des forces op\u00e9rationnelles, ou en restant inform\u00e9 gr\u00e2ce \u00e0 des mises \u00e0 jour exclusives pour les membres, l\u2019adh\u00e9sion \u00e0 l\u2019IRAC vous offre des moyens concrets de rester connect\u00e9 et de fa\u00e7onner l\u2019avenir de l\u2019architecture au Canada. <\/p>\n<p><a href=\"https:\/\/raic.org\/join\/why-join\/benefits\/\">En savoir plus<\/a><\/p>\n                <\/div>\n            <\/div>\n            <\/div>\n<\/div>\n\n\n<div class=\"raic-generic-button-wrapper has-text-align-left wp-block-raic-blocks-raic-generic-button\">\n    <a href=\"\" \n       class=\"raic-generic-btn raic-secondary-btn-style\"\n       target=\"_blank\" rel=\"noopener noreferrer\">\n        Adh\u00e9rez maintenant    <\/a>\n<\/div>\n\n","protected":false},"excerpt":{"rendered":"<p>Pourquoi adh\u00e9rer L\u2019IRAC est le principal porte-parole de l\u2019excellence dans le cadre b\u00e2ti au Canada. En tant que membre, vous faites partie d\u2019un r\u00e9seau cr\u00e9atif, inclusif et engag\u00e9 de plus de 5 000 architectes et professionnels du design. D\u00e9couvrez les avantages d\u2019une adh\u00e9sion \u00e0 l\u2019IRAC En tant que membre de la communaut\u00e9 de l\u2019IRAC, vous [&hellip;]<\/p>\n","protected":false},"author":2128,"featured_media":0,"parent":15838,"menu_order":1,"comment_status":"closed","ping_status":"closed","template":"template-two-column-wide.php","meta":{"_acf_changed":false,"footnotes":""},"class_list":["post-15560","page","type-page","status-publish","hentry"],"acf":[],"_links":{"self":[{"href":"https:\/\/raic.org\/fr\/wp-json\/wp\/v2\/pages\/15560","targetHints":{"allow":["GET"]}}],"collection":[{"href":"https:\/\/raic.org\/fr\/wp-json\/wp\/v2\/pages"}],"about":[{"href":"https:\/\/raic.org\/fr\/wp-json\/wp\/v2\/types\/page"}],"author":[{"embeddable":true,"href":"https:\/\/raic.org\/fr\/wp-json\/wp\/v2\/users\/2128"}],"replies":[{"embeddable":true,"href":"https:\/\/raic.org\/fr\/wp-json\/wp\/v2\/comments?post=15560"}],"version-history":[{"count":3,"href":"https:\/\/raic.org\/fr\/wp-json\/wp\/v2\/pages\/15560\/revisions"}],"predecessor-version":[{"id":64028,"href":"https:\/\/raic.org\/fr\/wp-json\/wp\/v2\/pages\/15560\/revisions\/64028"}],"up":[{"embeddable":true,"href":"https:\/\/raic.org\/fr\/wp-json\/wp\/v2\/pages\/15838"}],"wp:attachment":[{"href":"https:\/\/raic.org\/fr\/wp-json\/wp\/v2\/media?parent=15560"}],"curies":[{"name":"wp","href":"https:\/\/api.w.org\/{rel}","templated":true}]}}