{"id":14771,"date":"2025-04-23T20:08:57","date_gmt":"2025-04-24T00:08:57","guid":{"rendered":"https:\/\/staging.raic.symbiodev.xyz\/about-us\/history\/"},"modified":"2025-12-10T14:07:20","modified_gmt":"2025-12-10T19:07:20","slug":"history","status":"publish","type":"page","link":"https:\/\/raic.org\/fr\/a-propos\/l-institut\/history\/","title":{"rendered":"Histoire"},"content":{"rendered":"\n<h3 class=\"wp-block-heading\"><strong>Notre Histoire<\/strong><\/h3>\n\n\n\n<div style=\"height:50px\" aria-hidden=\"true\" class=\"wp-block-spacer\"><\/div>\n\n\n\n<h5 class=\"wp-block-heading\"><strong>Une vision nationale pour l&#8217;architecture au Canada<\/strong><\/h5>\n\n\n\n<div style=\"height:50px\" aria-hidden=\"true\" class=\"wp-block-spacer\"><\/div>\n\n\n\n<p>Au d\u00e9but des ann\u00e9es 1900, les architectes canadiens ont reconnu la valeur de cr\u00e9er une organisation nationale afin d\u2019unir les professionnels \u00e0 travers le pays. Pendant pr\u00e8s d\u2019un an, des figures marquantes comme D. Ewart \u00e0 Ottawa, Edmund Burke \u00e0 Toronto et Alcide Chauss\u00e9 \u00e0 Montr\u00e9al se sont rencontr\u00e9es pour jeter les bases de ce qui allait devenir un institut national.<\/p>\n\n\n\n<p>En avril 1907, une lettre fut envoy\u00e9e \u00e0 500 architectes \u00e0 travers le Canada, les invitant \u00e0 se joindre \u00e0 une nouvelle organisation nationale moyennant des frais d\u2019adh\u00e9sion de 10 $. L\u2019objectif \u00e9tait de renforcer la dignit\u00e9 de la profession, de soutenir les architectes \u0153uvrant dans des r\u00e9gions sans associations locales et d\u2019unifier la pratique.<\/p>\n\n\n\n<p>Un conseil provisoire, compos\u00e9 de dirigeants provenant de diff\u00e9rentes provinces, fut form\u00e9 pour guider le processus. L\u2019appui juridique vint de J.C. Walsh, d\u00e9put\u00e9 de Montr\u00e9al, qui contribua \u00e0 la r\u00e9daction de la loi n\u00e9cessaire pour incorporer officiellement l\u2019Institut des architectes du Canada.<\/p>\n\n\n\n<p>Ce projet de loi visait \u00e0 r\u00e9glementer l&#8217;utilisation du titre d&#8217;\u00ab architecte \u00bb, \u00e0 \u00e9tablir des normes professionnelles claires et \u00e0 cr\u00e9er un comit\u00e9 d&#8217;examen. Les futurs membres seraient \u00e9valu\u00e9s sur des sujets tels que la conception structurelle, la sant\u00e9 et la s\u00e9curit\u00e9 des b\u00e2timents, et l&#8217;histoire de l&#8217;architecture. <\/p>\n\n\n\n<p>L\u2019Institut pr\u00e9voyait plusieurs niveaux d\u2019adh\u00e9sion, allant des \u00e9tudiants aux membres honoraires, selon les crit\u00e8res d\u00e9finis dans ses r\u00e8glements.<\/p>\n\n\n\n<div class=\"raic-anchor-target-point wp-block-raic-blocks-raic-anchor-target\" id=\"section-0632cf\" aria-label=\"Le premier congr\u00e8s\" data-menu-label=\"Le premier congr\u00e8s\">\n        <\/div>\n\n\n<div style=\"height:50px\" aria-hidden=\"true\" class=\"wp-block-spacer\"><\/div>\n\n\n\n<h5 class=\"wp-block-heading\"><strong>Le premier congr\u00e8s<\/strong><\/h5>\n\n\n\n<div style=\"height:50px\" aria-hidden=\"true\" class=\"wp-block-spacer\"><\/div>\n\n\n\n<p>En ao\u00fbt 1907, des architectes de tout le pays se r\u00e9unirent \u00e0 Montr\u00e9al pour le premier congr\u00e8s national d\u2019architecture. L\u2019objectif \u00e9tait de discuter du projet de loi qui devait officiellement \u00e9tablir une organisation nationale d\u2019architectes.<\/p>\n\n\n\n<p>L\u2019invitation au congr\u00e8s portait un message inspirant : \u00ab Toujours en avant, unis pour la protection de nos concitoyens et l\u2019avancement de notre art. \u00bb Edmund Burke, pr\u00e9sident de l\u2019Ontario Association of Architects, souligna la nature historique de l\u2019\u00e9v\u00e9nement \u2014 r\u00e9unissant des architectes anglophones et francophones \u2014 et insista sur l\u2019importance d\u2019une \u00e9ducation solide et de normes professionnelles \u00e9lev\u00e9es.<\/p>\n\n\n\n<div style=\"height:50px\" aria-hidden=\"true\" class=\"wp-block-spacer\"><\/div>\n\n\n\n<h5 class=\"wp-block-heading\"><strong>L\u2019incorporation de l\u2019Institut d\u2019architecture du Canada<\/strong><\/h5>\n\n\n\n<div style=\"height:50px\" aria-hidden=\"true\" class=\"wp-block-spacer\"><\/div>\n\n\n\n<p>Le mercredi 20 novembre 1907, le projet de loi, ou loi visant \u00e0 constituer l&#8217;Institut des architectes du Canada, a \u00e9t\u00e9 d\u00e9pos\u00e9 aupr\u00e8s du greffier de la Chambre des communes. Le projet de loi a connu un parcours mouvement\u00e9 au Parlement et a \u00e9t\u00e9 fortement contest\u00e9 par ceux qui y voyaient une tentative de cr\u00e9er une soci\u00e9t\u00e9 ferm\u00e9e au d\u00e9triment des entrepreneurs en b\u00e2timent, des ing\u00e9nieurs, des fabricants et d&#8217;autres personnes qui souhaitaient \u00e9galement exercer la profession d&#8217;architecte. <\/p>\n\n\n\n<p>Il \u00e9tait pr\u00e9vu que le titre de fellow honoraire pouvait \u00eatre conf\u00e9r\u00e9 aux &#8221; fellows \u00e0 la retraite et \u00e0 toute personne ayant contribu\u00e9 \u00e0 l&#8217;avancement de l&#8217;architecture au Canada ou \u00e0 l&#8217;\u00e9tranger. &#8220;<br>Le paiement de la cotisation annuelle a caus\u00e9 des probl\u00e8mes constants aux administrateurs. En raison de la crise \u00e9conomique des ann\u00e9es 30, bon nombre de fellows ont eu de la difficult\u00e9 \u00e0 s&#8217;acquitter de leur cotisation. En cons\u00e9quence, on a demand\u00e9 au pr\u00e9sident d&#8217;envoyer une lettre aux plus anciens fellows de chaque province, les priant de bien s&#8217;assurer que les \u00e9ventuels fellows soient mis au courant de leurs obligations financi\u00e8res et s&#8217;engagent \u00e0 les respecter, et ce, avant la pr\u00e9sentation de leur candidature.<\/p>\n\n\n\n<div class=\"raic-anchor-target-point wp-block-raic-blocks-raic-anchor-target\" id=\"section-c4114c\" aria-label=\"Devenir royal\" data-menu-label=\"Devenir royal\">\n        <\/div>\n\n\n<div style=\"height:50px\" aria-hidden=\"true\" class=\"wp-block-spacer\"><\/div>\n\n\n\n<h5 class=\"wp-block-heading\"><strong>Devenir royal<\/strong><\/h5>\n\n\n\n<div style=\"height:50px\" aria-hidden=\"true\" class=\"wp-block-spacer\"><\/div>\n\n\n\n<p>Le 15 mai 1909, l&#8217;Institut d&#8217;architecture du Canada signe une alliance avec le Royal Institute of British Architects. Dans une lettre du Gouverneur g\u00e9n\u00e9ral dat\u00e9e du 2 juin 1909, l&#8217;assentiment royal est accord\u00e9 et le mot &#8221; royal &#8221; est ajout\u00e9 \u00e0 la raison sociale de l&#8217;Institut. <\/p>\n\n\n\n<div style=\"height:50px\" aria-hidden=\"true\" class=\"wp-block-spacer\"><\/div>\n\n\n\n<h5 class=\"wp-block-heading\"><strong>Le sceau de l\u2019IRAC<\/strong><\/h5>\n\n\n\n<div style=\"height:50px\" aria-hidden=\"true\" class=\"wp-block-spacer\"><\/div>\n\n\n\n<figure class=\"wp-block-image size-full\"><img decoding=\"async\" width=\"655\" height=\"437\" data-src=\"https:\/\/raic.org\/sites\/raic.org\/wp-content\/uploads\/2025\/09\/designation_e-1.jpg\" alt=\"\" class=\"wp-image-25222 lazyload\" data-srcset=\"https:\/\/raic.org\/sites\/raic.org\/wp-content\/uploads\/2025\/09\/designation_e-1.jpg 655w, https:\/\/raic.org\/sites\/raic.org\/wp-content\/uploads\/2025\/09\/designation_e-1-300x200.jpg 300w\" data-sizes=\"(max-width: 655px) 100vw, 655px\" src=\"data:image\/svg+xml;base64,PHN2ZyB3aWR0aD0iMSIgaGVpZ2h0PSIxIiB4bWxucz0iaHR0cDovL3d3dy53My5vcmcvMjAwMC9zdmciPjwvc3ZnPg==\" style=\"--smush-placeholder-width: 655px; --smush-placeholder-aspect-ratio: 655\/437;\" \/><\/figure>\n\n\n\n<p>Les archives indiquent que le sceau actuel de l\u2019IRAC repr\u00e9sente Vitruve, un architecte et auteur romain du premier si\u00e8cle avant notre \u00e8re. Vitruve croyait que la bonne architecture devait incarner trois qualit\u00e9s : firmitatis (solidit\u00e9), utilitatis (fonctionnalit\u00e9) et venustatis (beaut\u00e9). Dans l\u2019image, Vitruve re\u00e7oit un bouquet de fleurs d\u2019un ange.<\/p>\n\n\n\n<div style=\"height:50px\" aria-hidden=\"true\" class=\"wp-block-spacer\"><\/div>\n\n\n\n<h5 class=\"wp-block-heading\"><strong>La charte de l&#8217;IRAC<\/strong><\/h5>\n\n\n\n<div style=\"height:50px\" aria-hidden=\"true\" class=\"wp-block-spacer\"><\/div>\n\n\n\n<p>La charte officielle de l&#8217;IRAC a \u00e9t\u00e9 mise \u00e0 jour par le Parlement en 1912, puis \u00e0 nouveau en 1929. Ces modifications ont officiellement reconnu trois types d&#8217;adh\u00e9sion : <\/p>\n\n\n\n<ul class=\"wp-block-list\">\n<li>les membres<\/li>\n\n\n\n<li>les fellows<\/li>\n\n\n\n<li>les fellows honoraires<\/li>\n<\/ul>\n\n\n\n<p>La charte d\u00e9finissait \u00e9galement l&#8217;objectif de l&#8217;IRAC : aider les membres \u00e0 partager et \u00e0 d\u00e9velopper leurs connaissances professionnelles, en particulier dans les domaines propres \u00e0 l&#8217;architecture, et encourager l&#8217;exploration et l&#8217;apprentissage dans tous les aspects de ce domaine.<\/p>\n\n\n\n<div class=\"raic-anchor-target-point wp-block-raic-blocks-raic-anchor-target\" id=\"section-76a1e4\" aria-label=\"Fellow de l\u2019IRAC\" data-menu-label=\"Fellow de l\u2019IRAC\">\n        <\/div>\n\n\n<div style=\"height:50px\" aria-hidden=\"true\" class=\"wp-block-spacer\"><\/div>\n\n\n\n<h5 class=\"wp-block-heading\"><strong>La distinction de Fellow de l\u2019IRAC<\/strong><\/h5>\n\n\n\n<div style=\"height:50px\" aria-hidden=\"true\" class=\"wp-block-spacer\"><\/div>\n\n\n\n<p>Les r\u00e8glements de l&#8217;IRAC adopt\u00e9s le 28 d\u00e9cembre 1929 et amend\u00e9s en 1932 et en 1934, comprennent l&#8217;instauration d&#8217;un &#8216;corps original de fellows&#8217; ainsi que les modalit\u00e9s de mise en candidature et d&#8217;\u00e9lection. Le Conseil juge que pour cr\u00e9er ce corps aux termes de la charte amend\u00e9e en 1929, le titre de fellow doit \u00eatre conf\u00e9r\u00e9 \u00e0 tous les pr\u00e9sidents ant\u00e9rieurs des associations provinciales ainsi qu&#8217;aux fellows nomm\u00e9s avant 1913, \u00e0 condition qu&#8217;ils acceptent ce titre dans un d\u00e9lai de deux mois. <\/p>\n\n\n\n<p>Subs\u00e9quemment, l&#8217;\u00e9lection des fellows sera r\u00e9glement\u00e9e et chaque candidature sera propos\u00e9e par un fellow et appuy\u00e9e par deux autres. Au nombre des autres r\u00e8glements, mentionnons que le candidat doit avoir au moins 35 ans et \u00eatre d\u00e9j\u00e0 membre de l&#8217;IRAC; qu&#8217;il doit \u00eatre associ\u00e9 principal de son propre cabinet depuis 10 ans ou avoir occup\u00e9 des fonctions de direction \u00e9quivalentes dans un cabinet autre que le sien. La lettre de mise en candidature doit pr\u00e9ciser les raisons qui justifient la recommandation \u00e0 l&#8217;\u00e9lection : distinction professionnelle, services \u00e0 la profession, qualit\u00e9s artistiques, etc. De plus, le candidat doit consentir \u00e0 devenir fellow.  <\/p>\n\n\n\n<p>Il est convenu que les fellows formeraient un corps consultatif en mesure d&#8217;exprimer ses points de vue au Conseil, \u00e0 la direction et aux membres r\u00e9unis en assembl\u00e9e g\u00e9n\u00e9rale.<\/p>\n\n\n\n<p>L&#8217;Institut a \u00e9galement cr\u00e9\u00e9 une cat\u00e9gorie pour les membres honoraires, c&#8217;est-\u00e0-dire les personnes ayant pris leur retraite ou reconnues pour leurs contributions dans le domaine de la recherche, du service public ou du leadership professionnel.<\/p>\n\n\n\n<p>Il souligne \u00e9galement l&#8217;importance de la formation professionnelle en d\u00e9clarant : &#8221; Si nous formons bien nos \u00e9tudiants et si nous n&#8217;admettons \u00e0 la profession que les candidats hautement qualifi\u00e9s, je crois que le reste ira de soi. &#8220;<br>Il est \u00e9vident, d&#8217;apr\u00e8s les rapports des rencontres et la correspondance aff\u00e9rente, que les provinces sont bien repr\u00e9sent\u00e9es et les d\u00e9bats, fort anim\u00e9s. On trouve le compte rendu exhaustif des actes de ce congr\u00e8s dans les archives de l&#8217;IRAC.<\/p>\n\n\n\n<div style=\"height:100px\" aria-hidden=\"true\" class=\"wp-block-spacer\"><\/div>\n","protected":false},"excerpt":{"rendered":"<p>Notre Histoire Une vision nationale pour l&#8217;architecture au Canada Au d\u00e9but des ann\u00e9es 1900, les architectes canadiens ont reconnu la valeur de cr\u00e9er une organisation nationale afin d\u2019unir les professionnels \u00e0 travers le pays. Pendant pr\u00e8s d\u2019un an, des figures marquantes comme D. Ewart \u00e0 Ottawa, Edmund Burke \u00e0 Toronto et Alcide Chauss\u00e9 \u00e0 Montr\u00e9al [&hellip;]<\/p>\n","protected":false},"author":1,"featured_media":0,"parent":14333,"menu_order":0,"comment_status":"closed","ping_status":"closed","template":"template-two-column-narrow.php","meta":{"_acf_changed":false,"footnotes":""},"class_list":["post-14771","page","type-page","status-publish","hentry"],"acf":[],"_links":{"self":[{"href":"https:\/\/raic.org\/fr\/wp-json\/wp\/v2\/pages\/14771","targetHints":{"allow":["GET"]}}],"collection":[{"href":"https:\/\/raic.org\/fr\/wp-json\/wp\/v2\/pages"}],"about":[{"href":"https:\/\/raic.org\/fr\/wp-json\/wp\/v2\/types\/page"}],"author":[{"embeddable":true,"href":"https:\/\/raic.org\/fr\/wp-json\/wp\/v2\/users\/1"}],"replies":[{"embeddable":true,"href":"https:\/\/raic.org\/fr\/wp-json\/wp\/v2\/comments?post=14771"}],"version-history":[{"count":4,"href":"https:\/\/raic.org\/fr\/wp-json\/wp\/v2\/pages\/14771\/revisions"}],"predecessor-version":[{"id":52920,"href":"https:\/\/raic.org\/fr\/wp-json\/wp\/v2\/pages\/14771\/revisions\/52920"}],"up":[{"embeddable":true,"href":"https:\/\/raic.org\/fr\/wp-json\/wp\/v2\/pages\/14333"}],"wp:attachment":[{"href":"https:\/\/raic.org\/fr\/wp-json\/wp\/v2\/media?parent=14771"}],"curies":[{"name":"wp","href":"https:\/\/api.w.org\/{rel}","templated":true}]}}