{"id":14389,"date":"2025-05-26T06:04:24","date_gmt":"2025-05-26T10:04:24","guid":{"rendered":"https:\/\/staging.raic.symbiodev.xyz\/recherche-formation-continue\/"},"modified":"2026-04-17T10:50:14","modified_gmt":"2026-04-17T14:50:14","slug":"recherche-formation-continue","status":"publish","type":"page","link":"https:\/\/raic.org\/fr\/developpement-professionnel\/education-continue\/recherche-formation-continue\/","title":{"rendered":"Rechercher la formation continue"},"content":{"rendered":"\n<div class=\"raic-max-width-container raic-max-width-wide container\">\n    \n\n<div class=\"wp-block-raic-blocks-raic-block-quote\">\n    <blockquote class=\"raic-block-quote\">\n                    <h3 class=\"raic-block-quote-heading\">Augmentation des prix des webinaires sur demande<\/h3>\n                \n        <p class=\"raic-block-quote-text\">\u00c0 compter du 1er mai 2026, les prix des webinaires sur demande seront modifi\u00e9s comme suit : <br>\u2013 Les prix pour les non-membres de notre S\u00e9rie Initi\u00e9s du secteur et de notre S\u00e9rie de ressources pratiques gratuites seront de 50 $ <br>\u2013 Les prix pour les membres de notre S\u00e9rie de webinaires de l&#8217;IRAC et de notre S\u00e9rie de conf\u00e9rences sur demande augmenteront de 10 $ dans toutes les cat\u00e9gories <br>\u2013 Les prix pour les non-membres des s\u00e9ries mentionn\u00e9es ci-dessus seront de 15 $, avec un tarif uniforme dans toutes les cat\u00e9gories<\/p>\n        \n            <\/blockquote>\n<\/div>\n<\/div>\n\n<p>[civicrm component=&#8221;afform&#8221; name=&#8221;afsearchSearchContinuingEducation&#8221;]<\/p>\n","protected":false},"excerpt":{"rendered":"","protected":false},"author":4,"featured_media":0,"parent":37888,"menu_order":0,"comment_status":"closed","ping_status":"closed","template":"","meta":{"_acf_changed":false,"footnotes":""},"class_list":["post-14389","page","type-page","status-publish","hentry"],"acf":[],"_links":{"self":[{"href":"https:\/\/raic.org\/fr\/wp-json\/wp\/v2\/pages\/14389","targetHints":{"allow":["GET"]}}],"collection":[{"href":"https:\/\/raic.org\/fr\/wp-json\/wp\/v2\/pages"}],"about":[{"href":"https:\/\/raic.org\/fr\/wp-json\/wp\/v2\/types\/page"}],"author":[{"embeddable":true,"href":"https:\/\/raic.org\/fr\/wp-json\/wp\/v2\/users\/4"}],"replies":[{"embeddable":true,"href":"https:\/\/raic.org\/fr\/wp-json\/wp\/v2\/comments?post=14389"}],"version-history":[{"count":3,"href":"https:\/\/raic.org\/fr\/wp-json\/wp\/v2\/pages\/14389\/revisions"}],"predecessor-version":[{"id":63380,"href":"https:\/\/raic.org\/fr\/wp-json\/wp\/v2\/pages\/14389\/revisions\/63380"}],"up":[{"embeddable":true,"href":"https:\/\/raic.org\/fr\/wp-json\/wp\/v2\/pages\/37888"}],"wp:attachment":[{"href":"https:\/\/raic.org\/fr\/wp-json\/wp\/v2\/media?parent=14389"}],"curies":[{"name":"wp","href":"https:\/\/api.w.org\/{rel}","templated":true}]}}