{"id":14333,"date":"2025-04-23T20:08:40","date_gmt":"2025-04-24T00:08:40","guid":{"rendered":"https:\/\/staging.raic.symbiodev.xyz\/about-us\/"},"modified":"2025-12-08T10:07:47","modified_gmt":"2025-12-08T15:07:47","slug":"l-institut","status":"publish","type":"page","link":"https:\/\/raic.org\/fr\/a-propos\/l-institut\/","title":{"rendered":"L&#8217;institut"},"content":{"rendered":"\n<div class=\"raic-anchor-target-point wp-block-raic-blocks-raic-anchor-target\" id=\"section-95d42f\" aria-label=\"Qui nous sommes\" data-menu-label=\"Qui nous sommes\">\n        <\/div>\n\n\n<h3 class=\"wp-block-heading raic-heading-border has-xlarge-font-size has-primary-color has-text-color has-link-color wp-elements-bd49136a95968b731d82ada19001b925\"><strong>\u00c0 propos de nous<\/strong><\/h3>\n\n\n\n<p>L&#8217;Institut royal d&#8217;architecture du Canada (IRAC) est un organisme national sans but lucratif qui repr\u00e9sente les architectes et l&#8217;architecture depuis 1907. L&#8217;IRAC est le seul organisme national qui se consacre \u00e0 l&#8217;excellence dans le domaine de l&#8217;environnement b\u00e2ti au Canada et qui vise \u00e0 fournir \u00e0 la communaut\u00e9 architecturale canadienne les outils, les ressources et la formation n\u00e9cessaires pour am\u00e9liorer ses pratiques.  <\/p>\n\n\n\n<p>L&#8217;IRAC s&#8217;engage \u00e0 mettre en valeur la mani\u00e8re dont le design am\u00e9liore la qualit\u00e9 de vie, tout en d\u00e9fendant des enjeux sociaux importants par le biais d&#8217;une architecture responsable. Le si\u00e8ge social de l&#8217;IRAC est situ\u00e9 \u00e0 Ottawa et s&#8217;appuie sur un mod\u00e8le f\u00e9d\u00e9ratif de sections r\u00e9gionales en pleine expansion. Les sections et r\u00e9seaux actuels sont bas\u00e9s en Colombie-Britannique, en Alberta et en Nouvelle-\u00c9cosse.<\/p>\n\n\n\n<div style=\"height:25px\" aria-hidden=\"true\" class=\"wp-block-spacer\"><\/div>\n\n\n\n<hr class=\"wp-block-separator has-alpha-channel-opacity\"\/>\n\n\n\n<h4 class=\"wp-block-heading has-accent-color has-text-color has-link-color wp-elements-9cda8de5a400d5138c9d0c62be516888\"><strong>Reconnaissance territoriale<\/strong><\/h4>\n\n\n\n<figure class=\"wp-block-image size-full\"><img decoding=\"async\" width=\"1262\" height=\"796\" data-src=\"https:\/\/raic.org\/sites\/raic.org\/wp-content\/uploads\/2025\/11\/Screenshot-2025-04-30-091159.png\" alt=\"\" class=\"wp-image-38534 lazyload\" data-srcset=\"https:\/\/raic.org\/sites\/raic.org\/wp-content\/uploads\/2025\/11\/Screenshot-2025-04-30-091159.png 1262w, https:\/\/raic.org\/sites\/raic.org\/wp-content\/uploads\/2025\/11\/Screenshot-2025-04-30-091159-300x189.png 300w, https:\/\/raic.org\/sites\/raic.org\/wp-content\/uploads\/2025\/11\/Screenshot-2025-04-30-091159-1024x646.png 1024w, https:\/\/raic.org\/sites\/raic.org\/wp-content\/uploads\/2025\/11\/Screenshot-2025-04-30-091159-768x484.png 768w\" data-sizes=\"(max-width: 1262px) 100vw, 1262px\" src=\"data:image\/svg+xml;base64,PHN2ZyB3aWR0aD0iMSIgaGVpZ2h0PSIxIiB4bWxucz0iaHR0cDovL3d3dy53My5vcmcvMjAwMC9zdmciPjwvc3ZnPg==\" style=\"--smush-placeholder-width: 1262px; --smush-placeholder-aspect-ratio: 1262\/796;\" \/><figcaption class=\"wp-element-caption\">Eagle Feather Fan, Blackfoot Crossing Historical Park, AB<\/figcaption><\/figure>\n\n\n\n<div class=\"raic-max-width-container raic-max-width-wide container\">\n    \n\n<p>L&#8217;Institut royal d&#8217;architecture du Canada reconna\u00eet que nous vivons, apprenons et tirons profit des territoires traditionnels et non c\u00e9d\u00e9s de nombreuses nations autochtones \u00e0 travers ce qui est aujourd&#8217;hui connu sous le nom de Canada. Nous reconnaissons la pr\u00e9sence, les cultures et les contributions durables des Premi\u00e8res Nations, des Inuits et des M\u00e9tis d&#8217;un oc\u00e9an \u00e0 l&#8217;autre.  <\/p>\n\n\n\n<p>En tant qu&#8217;organisation nationale, nous nous engageons \u00e0 \u00e9tablir des partenariats significatifs, \u00e0 soutenir les projets men\u00e9s par les Autochtones et \u00e0 prendre des mesures en faveur de la r\u00e9conciliation, conform\u00e9ment aux appels \u00e0 l&#8217;action de la Commission de v\u00e9rit\u00e9 et r\u00e9conciliation et \u00e0 la D\u00e9claration des Nations Unies sur les droits des peuples autochtones. <\/p>\n\n<\/div>\n\n\n<div style=\"height:12px\" aria-hidden=\"true\" class=\"wp-block-spacer\"><\/div>\n\n\n\n<hr class=\"wp-block-separator has-alpha-channel-opacity\"\/>\n\n\n\n<div class=\"raic-anchor-target-point wp-block-raic-blocks-raic-anchor-target\" id=\"section-834ed8\" aria-label=\"Plan strat\u00e9gique\" data-menu-label=\"Plan strat\u00e9gique\">\n        <\/div>\n\n\n<h3 class=\"wp-block-heading\"><strong>Plan strat\u00e9gique 2025-2027<\/strong><\/h3>\n\n\n\n<p>Le plan strat\u00e9gique de l&#8217;IRAC est con\u00e7u pour \u00eatre flexible et s&#8217;adapter \u00e0 notre profession dynamique, tout en restant ancr\u00e9 dans nos valeurs fondamentales, notamment un engagement fort en faveur de la r\u00e9conciliation. Il repr\u00e9sente la vision collective de notre conseil d&#8217;administration et de notre personnel pour b\u00e2tir un avenir plus radieux, plus durable, plus inclusif et plus \u00e9quitable. Ce plan n&#8217;est pas seulement une feuille de route ; c&#8217;est une vision audacieuse pour l&#8217;avenir de notre profession, un engagement envers l&#8217;excellence et une promesse de d\u00e9fendre le r\u00f4le essentiel de l&#8217;architecture dans la cr\u00e9ation d&#8217;un monde durable et \u00e9quitable, tout en soutenant activement les efforts de r\u00e9conciliation avec les peuples autochtones.   <\/p>\n\n\n\n<div class=\"raic-generic-button-wrapper has-text-align-left wp-block-raic-blocks-raic-generic-button\">\n    <a href=\"https:\/\/raic.org\/sites\/raic.org\/wp-content\/uploads\/2025\/12\/raic_strategic_plan_fr_-_web_0.pdf\" \n       class=\"raic-generic-btn raic-secondary-btn-style\"\n       target=\"_blank\" rel=\"noopener noreferrer\">\n        Pour le plan strat\u00e9gique, cliquez ici    <\/a>\n<\/div>\n\n\n\n\n<div style=\"height:25px\" aria-hidden=\"true\" class=\"wp-block-spacer\"><\/div>\n\n\n\n<figure class=\"wp-block-embed is-type-video is-provider-youtube wp-block-embed-youtube wp-embed-aspect-16-9 wp-has-aspect-ratio\"><div class=\"wp-block-embed__wrapper\">\n<iframe title=\"RAIC Announces Its 2025-2027 Strategic Plan\" width=\"500\" height=\"281\" data-src=\"https:\/\/www.youtube.com\/embed\/cGkRfV7ftxY?feature=oembed\" frameborder=\"0\" allow=\"accelerometer; autoplay; clipboard-write; encrypted-media; gyroscope; picture-in-picture; web-share\" referrerpolicy=\"strict-origin-when-cross-origin\" allowfullscreen src=\"data:image\/svg+xml;base64,PHN2ZyB3aWR0aD0iMSIgaGVpZ2h0PSIxIiB4bWxucz0iaHR0cDovL3d3dy53My5vcmcvMjAwMC9zdmciPjwvc3ZnPg==\" class=\"lazyload\" data-load-mode=\"1\"><\/iframe>\n<\/div><\/figure>\n\n\n\n<hr class=\"wp-block-separator has-alpha-channel-opacity\"\/>\n\n\n\n<div style=\"height:75px\" aria-hidden=\"true\" class=\"wp-block-spacer\"><\/div>\n\n\n\n<div class=\"raic-anchor-target-point wp-block-raic-blocks-raic-anchor-target\" id=\"section-689d08\" aria-label=\"Mission, vision et valeurs\" data-menu-label=\"Mission, vision et valeurs\">\n        <\/div>\n\n\n<h3 class=\"wp-block-heading\"><strong>Notre mission, notre vision et nos valeurs<\/strong><\/h3>\n\n\n<div class=\"raic-content-section container wp-block-raic-blocks-raic-accordion\" id=\"section-accordion\">\n        \n    <div class=\"raic-accordion\">\n                    <div class=\"raic-accordion-item\">\n                <div class=\"raic-accordion-header\">\n                    <h3 class=\"raic-accordion-title\"><strong>Notre mission<\/strong><\/h3>\n                    <button class=\"raic-accordion-toggle\" aria-label=\"Toggle accordion item\">\n                        <span class=\"raic-icon-plus\"><\/span>\n                    <\/button>\n                <\/div>\n                <div class=\"raic-accordion-content\">\n                    <p><strong>B\u00e2tir un monde meilleur pour tous en favorisant une solide culture de l\u2019excellence en design au Canada.<\/strong><\/p>\n<p>L\u2019IRAC utilise sa voix influente pour d\u00e9fendre, mobiliser et valoriser la communaut\u00e9 canadienne du design et de l\u2019architecture, favorisant ainsi un meilleur environnement pour les personnes et la plan\u00e8te.<\/p>\n                <\/div>\n            <\/div>\n                    <div class=\"raic-accordion-item\">\n                <div class=\"raic-accordion-header\">\n                    <h3 class=\"raic-accordion-title\"><strong>Notre vision<\/strong><\/h3>\n                    <button class=\"raic-accordion-toggle\" aria-label=\"Toggle accordion item\">\n                        <span class=\"raic-icon-plus\"><\/span>\n                    <\/button>\n                <\/div>\n                <div class=\"raic-accordion-content\">\n                    <p><strong>Positionner le Canada comme un leader mondial en design et en architecture.<br \/>\n<\/strong><br \/>\nL\u2019IRAC est convaincu que le Canada peut inspirer, influencer et favoriser d\u2019importantes transformations au sein de l\u2019environnement b\u00e2ti mondial. Gr\u00e2ce \u00e0 cette \u00e9volution, nous aspirons \u00e0 \u00eatre la principale organisation canadienne li\u00e9e au design, offrant des ressources et des contributions b\u00e9n\u00e9fiques \u00e0 l\u2019\u00e9chelle mondiale.<\/p>\n                <\/div>\n            <\/div>\n                    <div class=\"raic-accordion-item\">\n                <div class=\"raic-accordion-header\">\n                    <h3 class=\"raic-accordion-title\"><strong>Nos valeurs<\/strong><\/h3>\n                    <button class=\"raic-accordion-toggle\" aria-label=\"Toggle accordion item\">\n                        <span class=\"raic-icon-plus\"><\/span>\n                    <\/button>\n                <\/div>\n                <div class=\"raic-accordion-content\">\n                    <p><strong>Int\u00e9grit\u00e9<\/strong> \u2013 En \u00e9tant responsables, tenus de rendre compte et transparents et en agissant avec des normes \u00e9thiques \u00e9lev\u00e9es dans tout notre travail.<\/p>\n<p><strong>Agilit\u00e9<\/strong> \u2013 En favorisant la r\u00e9silience organisationnelle, la collaboration proactive avec les partenaires cl\u00e9s et le partage continu des connaissances pour nous adapter aux tendances \u00e9mergentes en design et aux d\u00e9fis environnementaux.<\/p>\n<p><strong>Excellence du design<\/strong> \u2013 En faisant preuve de cr\u00e9ativit\u00e9 et d\u2019innovation pour cr\u00e9er une profession architecturale et un environnement b\u00e2ti durables, r\u00e9silients, inclusifs et diversifi\u00e9s.<\/p>\n<p><strong>\u00c9quit\u00e9 sociale<\/strong> \u2013 En cr\u00e9ant une culture juste qui vise l\u2019\u00e9quit\u00e9 sociale et spatiale et la prosp\u00e9rit\u00e9, qui adopte et respecte l\u2019inclusivit\u00e9 et l\u2019appartenance, qui favorise la diversit\u00e9 et qui est accessible \u00e0 tous.<\/p>\n<p><strong>R\u00e9conciliation<\/strong> \u2013 En b\u00e2tissant, reb\u00e2tissant et renfor\u00e7ant les relations avec les peoples autochtones, la r\u00e9conciliation et les liens avec les designers autochtones \u00e0 l\u2019\u00e9chelle mondiale.<\/p>\n<p><strong>Responsibilit\u00e9 environnementale<\/strong> \u2013 En att\u00e9nuant les impacts des crises climatiques sur les personnes et les communaut\u00e9s, ainsi que les impacts de l\u2019environnement b\u00e2ti sur le climat. <\/p>\n                <\/div>\n            <\/div>\n            <\/div>\n<\/div>\n\n\n<div style=\"height:100px\" aria-hidden=\"true\" class=\"wp-block-spacer\"><\/div>\n\n\n\n<figure class=\"wp-block-image size-full\"><img decoding=\"async\" width=\"752\" height=\"301\" data-src=\"https:\/\/raic.org\/sites\/raic.org\/wp-content\/uploads\/2025\/05\/about-values-5.png\" alt=\"\" class=\"wp-image-447 lazyload\" data-srcset=\"https:\/\/raic.org\/sites\/raic.org\/wp-content\/uploads\/2025\/05\/about-values-5.png 752w, https:\/\/raic.org\/sites\/raic.org\/wp-content\/uploads\/2025\/05\/about-values-5-300x120.png 300w\" data-sizes=\"(max-width: 752px) 100vw, 752px\" src=\"data:image\/svg+xml;base64,PHN2ZyB3aWR0aD0iMSIgaGVpZ2h0PSIxIiB4bWxucz0iaHR0cDovL3d3dy53My5vcmcvMjAwMC9zdmciPjwvc3ZnPg==\" style=\"--smush-placeholder-width: 752px; --smush-placeholder-aspect-ratio: 752\/301;\" \/><\/figure>\n\n\n<div class=\"raic-text-section wp-block-raic-blocks-raic-text-section-with-heading\" data-aos=\"fade-in\" data-aos-duration=\"1000\">\n    <div class=\"container\">         <div class=\"raic-section-header\">\n            <h2 class=\"raic-section-title\">Fa\u00e7onner l&#039;avenir de l&#039;architecture<\/h2>\n        <\/div>\n        <div class=\"raic-section-content\">\n            <p class=\"raic-section-description\">\n                L\u2019IRAC fait progresser la profession en menant des actions de repr\u00e9sentation significatives, en offrant une formation de pointe et en cr\u00e9ant des liens entre les architectes d\u2019un oc\u00e9an \u00e0 l\u2019autre.            <\/p>\n        <\/div>\n    <\/div>\n<\/div>\n\n\n<div class=\"raic-generic-button-wrapper has-text-align-left wp-block-raic-blocks-raic-generic-button\">\n    <a href=\"#\" \n       class=\"raic-generic-btn raic-primary-btn-style\"\n       >\n        Devenir membre    <\/a>\n<\/div>\n\n\n\n\n<div style=\"height:40px\" aria-hidden=\"true\" class=\"wp-block-spacer\"><\/div>\n","protected":false},"excerpt":{"rendered":"<p>\u00c0 propos de nous L&#8217;Institut royal d&#8217;architecture du Canada (IRAC) est un organisme national sans but lucratif qui repr\u00e9sente les architectes et l&#8217;architecture depuis 1907. L&#8217;IRAC est le seul organisme national qui se consacre \u00e0 l&#8217;excellence dans le domaine de l&#8217;environnement b\u00e2ti au Canada et qui vise \u00e0 fournir \u00e0 la communaut\u00e9 architecturale canadienne les [&hellip;]<\/p>\n","protected":false},"author":4,"featured_media":0,"parent":36991,"menu_order":-10,"comment_status":"closed","ping_status":"closed","template":"template-two-column-narrow.php","meta":{"_acf_changed":false,"footnotes":""},"class_list":["post-14333","page","type-page","status-publish","hentry"],"acf":[],"_links":{"self":[{"href":"https:\/\/raic.org\/fr\/wp-json\/wp\/v2\/pages\/14333","targetHints":{"allow":["GET"]}}],"collection":[{"href":"https:\/\/raic.org\/fr\/wp-json\/wp\/v2\/pages"}],"about":[{"href":"https:\/\/raic.org\/fr\/wp-json\/wp\/v2\/types\/page"}],"author":[{"embeddable":true,"href":"https:\/\/raic.org\/fr\/wp-json\/wp\/v2\/users\/4"}],"replies":[{"embeddable":true,"href":"https:\/\/raic.org\/fr\/wp-json\/wp\/v2\/comments?post=14333"}],"version-history":[{"count":4,"href":"https:\/\/raic.org\/fr\/wp-json\/wp\/v2\/pages\/14333\/revisions"}],"predecessor-version":[{"id":52561,"href":"https:\/\/raic.org\/fr\/wp-json\/wp\/v2\/pages\/14333\/revisions\/52561"}],"up":[{"embeddable":true,"href":"https:\/\/raic.org\/fr\/wp-json\/wp\/v2\/pages\/36991"}],"wp:attachment":[{"href":"https:\/\/raic.org\/fr\/wp-json\/wp\/v2\/media?parent=14333"}],"curies":[{"name":"wp","href":"https:\/\/api.w.org\/{rel}","templated":true}]}}