{"id":14258,"date":"2025-04-23T19:04:57","date_gmt":"2025-04-23T23:04:57","guid":{"rendered":"https:\/\/staging.raic.symbiodev.xyz\/irac-services-de-conseil\/"},"modified":"2025-12-10T15:02:49","modified_gmt":"2025-12-10T20:02:49","slug":"services-consultatifs","status":"publish","type":"page","link":"https:\/\/raic.org\/fr\/services-consultatifs\/","title":{"rendered":"Services consultatifs"},"content":{"rendered":"\n<p>Les services consultatifs et de gestion de concours du RAIC offrent des conseils et des services ind\u00e9pendants et sp\u00e9cialis\u00e9s aux clients du secteur public, institutionnel et priv\u00e9 \u00e0 travers le Canada. Nous apportons des m\u00e9thodologies \u00e9prouv\u00e9es, l\u2019acc\u00e8s \u00e0 des professionnels de l\u2019architecture de premier plan et des d\u00e9cennies d\u2019exp\u00e9rience pour soutenir l\u2019excellence en mati\u00e8re de conception dans l\u2019environnement b\u00e2ti.&nbsp;<\/p>\n\n\n\n<p>Nous visons \u00e0 promouvoir l\u2019excellence en design dans l\u2019environnement b\u00e2ti du Canada en offrant des services de conseil et de gestion de concours fiables et ind\u00e9pendants qui rehaussent la qualit\u00e9 des projets, assurent des processus transparents et maximisent la valeur pour le public.<\/p>\n\n\n\n<section class=\"raic-featured-cards-section wp-block-raic-blocks-raic-resource-cards\" data-aos=\"fade-in\" data-aos-duration=\"1000\">\n    <div class=\"container\">\n                    <h2 class=\"raic-featured-cards-title\">Projets r\u00e9cents<\/h2>\n        \n        <div class=\"raic-featured-cards-grid\">\n                            <div class=\"raic-featured-card\">\n                    <a href=\"https:\/\/raic.org\/fr\/irac-services-de-conseil\/projet-de-reamenagement-du-bloc-200-de-lavenue-banff\/\" class=\"raic-featured-card-clickable\">\n                                                    <div class=\"raic-featured-card-image\">\n                                <img decoding=\"async\" data-src=\"https:\/\/raic.org\/sites\/raic.org\/wp-content\/uploads\/2025\/08\/drone_photo_cascade_-_d._dery.jpg\" alt=\"Image du Projet de r\u00e9am\u00e9nagement du bloc 200 de l\u2019avenue Banff\" src=\"data:image\/svg+xml;base64,PHN2ZyB3aWR0aD0iMSIgaGVpZ2h0PSIxIiB4bWxucz0iaHR0cDovL3d3dy53My5vcmcvMjAwMC9zdmciPjwvc3ZnPg==\" class=\"lazyload\" style=\"--smush-placeholder-width: 655px; --smush-placeholder-aspect-ratio: 655\/492;\">\n                            <\/div>\n                                                \n                        <div class=\"raic-featured-card-content\">\n                            <div class=\"raic-featured-card-category\">GESTION DE CONCOURS DE DESIGN ARCHITECTURAL<\/div>\n                            \n                                                            <h3 class=\"raic-featured-card-title\">Projet de r\u00e9am\u00e9nagement du bloc 200 de l\u2019avenue Banff<\/h3>\n                                                        \n                                                            <p class=\"raic-featured-card-description\">Parcs Canada a mandat\u00e9 le RAIC pour superviser un concours international de design afin de d\u00e9velopper un concept pour le Projet de r\u00e9am\u00e9nagement du bloc 200 de l\u2019avenue Banff.<\/p>\n                                                        \n                            <div class=\"raic-featured-card-link\">\n                                Vue <i class=\"bi bi-arrow-right\"><\/i>\n                            <\/div>\n                        <\/div>\n                    <\/a>\n                <\/div>\n                            <div class=\"raic-featured-card\">\n                    <a href=\"https:\/\/raic.org\/fr\/irac-services-de-conseil\/le-pont-interprovincial-royal-alexandra\/\" class=\"raic-featured-card-clickable\">\n                                                    <div class=\"raic-featured-card-image\">\n                                <img decoding=\"async\" data-src=\"https:\/\/raic.org\/sites\/raic.org\/wp-content\/uploads\/2025\/11\/pspc_web.jpg\" alt=\"\" src=\"data:image\/svg+xml;base64,PHN2ZyB3aWR0aD0iMSIgaGVpZ2h0PSIxIiB4bWxucz0iaHR0cDovL3d3dy53My5vcmcvMjAwMC9zdmciPjwvc3ZnPg==\" class=\"lazyload\" style=\"--smush-placeholder-width: 655px; --smush-placeholder-aspect-ratio: 655\/437;\">\n                            <\/div>\n                                                \n                        <div class=\"raic-featured-card-content\">\n                            <div class=\"raic-featured-card-category\">COMIT\u00c9 D\u2019\u00c9VALUATION IND\u00c9PENDANT<\/div>\n                            \n                                                            <h3 class=\"raic-featured-card-title\">Pont interprovincial Royal Alexandra<\/h3>\n                                                        \n                                                            <p class=\"raic-featured-card-description\">Le Comit\u00e9 d\u2019\u00e9valuation ind\u00e9pendant mis en place par le RAIC a assur\u00e9 la supervision, fourni des avis it\u00e9ratifs et des commentaires \u00e0 l\u2019\u00e9quipe de projet pendant le d\u00e9veloppement des solutions de conception pour le Pont interprovincial Royal Alexandra.<\/p>\n                                                        \n                            <div class=\"raic-featured-card-link\">\n                                Vue <i class=\"bi bi-arrow-right\"><\/i>\n                            <\/div>\n                        <\/div>\n                    <\/a>\n                <\/div>\n                            <div class=\"raic-featured-card\">\n                    <a href=\"https:\/\/raic.org\/fr\/irac-services-de-conseil\/projet-de-reamenagement-du-bloc-2\/\" class=\"raic-featured-card-clickable\">\n                                                    <div class=\"raic-featured-card-image\">\n                                <img decoding=\"async\" data-src=\"https:\/\/raic.org\/sites\/raic.org\/wp-content\/uploads\/2025\/11\/Block-2-Image.jpg\" alt=\"\" src=\"data:image\/svg+xml;base64,PHN2ZyB3aWR0aD0iMSIgaGVpZ2h0PSIxIiB4bWxucz0iaHR0cDovL3d3dy53My5vcmcvMjAwMC9zdmciPjwvc3ZnPg==\" class=\"lazyload\" style=\"--smush-placeholder-width: 640px; --smush-placeholder-aspect-ratio: 640\/321;\">\n                            <\/div>\n                                                \n                        <div class=\"raic-featured-card-content\">\n                            <div class=\"raic-featured-card-category\">GESTION DE CONCOURS DE DESIGN ARCHITECTURAL<\/div>\n                            \n                                                            <h3 class=\"raic-featured-card-title\">Projet de r\u00e9am\u00e9nagement du Bloc 2<\/h3>\n                                                        \n                                                            <p class=\"raic-featured-card-description\">En partenariat avec SPAC, le RAIC a approuv\u00e9 le concours de design pour le renouvellement du Bloc 2 et a d\u00e9sign\u00e9 des conseillers professionnels pour superviser l\u2019ensemble du processus du concours.<\/p>\n                                                        \n                            <div class=\"raic-featured-card-link\">\n                                Vue <i class=\"bi bi-arrow-right\"><\/i>\n                            <\/div>\n                        <\/div>\n                    <\/a>\n                <\/div>\n                    <\/div>\n    <\/div>\n<\/section>","protected":false},"excerpt":{"rendered":"<p>Les services consultatifs et de gestion de concours du RAIC offrent des conseils et des services ind\u00e9pendants et sp\u00e9cialis\u00e9s aux clients du secteur public, institutionnel et priv\u00e9 \u00e0 travers le Canada. Nous apportons des m\u00e9thodologies \u00e9prouv\u00e9es, l\u2019acc\u00e8s \u00e0 des professionnels de l\u2019architecture de premier plan et des d\u00e9cennies d\u2019exp\u00e9rience pour soutenir l\u2019excellence en mati\u00e8re de [&hellip;]<\/p>\n","protected":false},"author":4,"featured_media":0,"parent":0,"menu_order":-10,"comment_status":"closed","ping_status":"closed","template":"template-two-column-wide.php","meta":{"_acf_changed":false,"footnotes":""},"class_list":["post-14258","page","type-page","status-publish","hentry"],"acf":[],"_links":{"self":[{"href":"https:\/\/raic.org\/fr\/wp-json\/wp\/v2\/pages\/14258","targetHints":{"allow":["GET"]}}],"collection":[{"href":"https:\/\/raic.org\/fr\/wp-json\/wp\/v2\/pages"}],"about":[{"href":"https:\/\/raic.org\/fr\/wp-json\/wp\/v2\/types\/page"}],"author":[{"embeddable":true,"href":"https:\/\/raic.org\/fr\/wp-json\/wp\/v2\/users\/4"}],"replies":[{"embeddable":true,"href":"https:\/\/raic.org\/fr\/wp-json\/wp\/v2\/comments?post=14258"}],"version-history":[{"count":3,"href":"https:\/\/raic.org\/fr\/wp-json\/wp\/v2\/pages\/14258\/revisions"}],"predecessor-version":[{"id":52986,"href":"https:\/\/raic.org\/fr\/wp-json\/wp\/v2\/pages\/14258\/revisions\/52986"}],"wp:attachment":[{"href":"https:\/\/raic.org\/fr\/wp-json\/wp\/v2\/media?parent=14258"}],"curies":[{"name":"wp","href":"https:\/\/api.w.org\/{rel}","templated":true}]}}